{"id":19,"date":"2016-04-04T20:36:14","date_gmt":"2016-04-04T18:36:14","guid":{"rendered":"http:\/\/www.tenutasantatecla.com\/spa\/?page_id=19&#038;lang=de"},"modified":"2016-08-20T10:28:49","modified_gmt":"2016-08-20T08:28:49","slug":"19-2","status":"publish","type":"page","link":"https:\/\/www.tenutasantatecla.com\/wellness\/de\/","title":{"rendered":"Sito &#8211; OnePage"},"content":{"rendered":"<p>[vc_row full_height=&#8221;yes&#8221; row_align=&#8221;align_middle&#8221; row_type=&#8221;full_width&#8221; type=&#8221;full_screen&#8221; bg_color=&#8221;#000000&#8243;][vc_column]\n<div id=\"rev_slider_1_1_wrapper\" class=\"rev_slider_wrapper fullscreen-container\" data-source=\"gallery\" style=\"background:transparent;padding:0px;\">\n<!-- START REVOLUTION SLIDER 5.4.6.3.1 fullscreen mode -->\n\t<div id=\"rev_slider_1_1\" class=\"rev_slider fullscreenbanner\" style=\"display:none;\" data-version=\"5.4.6.3.1\">\n<ul>\t<!-- SLIDE  -->\n\t<li data-index=\"rs-1\" data-transition=\"fade\" data-slotamount=\"default\" data-hideafterloop=\"0\" data-hideslideonmobile=\"off\"  data-easein=\"default\" data-easeout=\"default\" data-masterspeed=\"300\"  data-rotate=\"0\"  data-saveperformance=\"off\"  data-title=\"Slide\" data-param1=\"\" data-param2=\"\" data-param3=\"\" data-param4=\"\" data-param5=\"\" data-param6=\"\" data-param7=\"\" data-param8=\"\" data-param9=\"\" data-param10=\"\" data-description=\"\">\n\t\t<!-- MAIN IMAGE -->\n\t\t<img loading=\"lazy\" decoding=\"async\" src=\"https:\/\/www.tenutasantatecla.com\/wellness\/wp-content\/uploads\/sites\/2\/2016\/06\/IMG_9062.jpg\"  alt=\"\" title=\"IMG_9062\"  width=\"2641\" height=\"1761\" data-bgposition=\"center center\" data-bgfit=\"cover\" data-bgrepeat=\"no-repeat\" class=\"rev-slidebg\" data-no-retina>\n\t\t<!-- LAYERS -->\n\t<\/li>\n\t<!-- SLIDE  -->\n\t<li data-index=\"rs-2\" data-transition=\"fade\" data-slotamount=\"default\" data-hideafterloop=\"0\" data-hideslideonmobile=\"off\"  data-easein=\"default\" data-easeout=\"default\" data-masterspeed=\"300\"  data-rotate=\"0\"  data-saveperformance=\"off\"  data-title=\"Slide\" data-param1=\"\" data-param2=\"\" data-param3=\"\" data-param4=\"\" data-param5=\"\" data-param6=\"\" data-param7=\"\" data-param8=\"\" data-param9=\"\" data-param10=\"\" data-description=\"\">\n\t\t<!-- MAIN IMAGE -->\n\t\t<img decoding=\"async\" src=\"https:\/\/www.tenutasantatecla.com\/wellness\/wp-content\/plugins\/revslider\/admin\/assets\/images\/transparent.png\"  alt=\"\"  data-bgposition=\"center center\" data-bgfit=\"cover\" data-bgrepeat=\"no-repeat\" class=\"rev-slidebg\" data-no-retina>\n\t\t<!-- LAYERS -->\n\t<\/li>\n<\/ul>\n<div style=\"\" class=\"tp-static-layers\">\n\n\t\t<!-- LAYER NR. 1 -->\n\t\t<div class=\"tp-caption   tp-resizeme tp-static-layer\" \n\t\t\t id=\"slider-1-layer-1\" \n\t\t\t data-x=\"center\" data-hoffset=\"\" \n\t\t\t data-y=\"center\" data-voffset=\"\" \n\t\t\t\t\t\tdata-width=\"['none','none','none','none']\"\n\t\t\tdata-height=\"['none','none','none','none']\"\n \n\t\t\tdata-type=\"image\" \n\t\t\tdata-responsive_offset=\"on\" \n\n\t\t\tdata-startslide=\"0\" \n\t\t\tdata-endslide=\"1\" \n\t\t\tdata-frames='[{\"from\":\"opacity:0;\",\"speed\":300,\"to\":\"o:1;\",\"delay\":500,\"ease\":\"Power2.easeInOut\"},{\"delay\":\"wait\",\"speed\":300,\"to\":\"opacity:0;\",\"ease\":\"nothing\"}]'\n\t\t\tdata-textAlign=\"['left','left','left','left']\"\n\t\t\tdata-paddingtop=\"[0,0,0,0]\"\n\t\t\tdata-paddingright=\"[0,0,0,0]\"\n\t\t\tdata-paddingbottom=\"[0,0,0,0]\"\n\t\t\tdata-paddingleft=\"[0,0,0,0]\"\n\n\t\t\tstyle=\"z-index: 5;\"><img loading=\"lazy\" decoding=\"async\" src=\"https:\/\/www.tenutasantatecla.com\/wellness\/wp-content\/uploads\/sites\/2\/2016\/06\/logotstspa.png\" alt=\"\" data-ww=\"509px\" data-hh=\"300px\" width=\"509\" height=\"300\" data-no-retina> <\/div>\n<\/div>\n<div class=\"tp-bannertimer tp-bottom\" style=\"visibility: hidden !important;\"><\/div>\t<\/div>\n<script>var htmlDiv = document.getElementById(\"rs-plugin-settings-inline-css\"); var htmlDivCss=\"\";\r\n\t\t\t\tif(htmlDiv) {\r\n\t\t\t\t\thtmlDiv.innerHTML = htmlDiv.innerHTML + htmlDivCss;\r\n\t\t\t\t}else{\r\n\t\t\t\t\tvar htmlDiv = document.createElement(\"div\");\r\n\t\t\t\t\thtmlDiv.innerHTML = \"<style>\" + htmlDivCss + \"<\/style>\";\r\n\t\t\t\t\tdocument.getElementsByTagName(\"head\")[0].appendChild(htmlDiv.childNodes[0]);\r\n\t\t\t\t}\r\n\t\t\t<\/script>\n\t\t<script type=\"text\/javascript\">\r\nsetREVStartSize({c: jQuery('#rev_slider_1_1'), gridwidth: [1240], gridheight: [868], sliderLayout: 'fullscreen', fullScreenAutoWidth:'off', fullScreenAlignForce:'off', fullScreenOffsetContainer:'', fullScreenOffset:''});\r\n\t\t\t\r\nvar revapi1,\r\n\ttpj=jQuery;\r\n\t\t\t\r\ntpj(document).ready(function() {\n\tif(tpj(\"#rev_slider_1_1\").revolution == undefined){\n\t\trevslider_showDoubleJqueryError(\"#rev_slider_1_1\");\n\t}else{\n\t\trevapi1 = tpj(\"#rev_slider_1_1\").show().revolution({\n\t\t\tsliderType:\"standard\",\n\t\t\tjsFileLocation:\"\/\/www.tenutasantatecla.com\/wellness\/wp-content\/plugins\/revslider\/public\/assets\/js\/\",\n\t\t\tsliderLayout:\"fullscreen\",\n\t\t\tdottedOverlay:\"none\",\n\t\t\tdelay:9000,\n\t\t\tnavigation: {\n\t\t\t\tonHoverStop:\"off\",\n\t\t\t},\n\t\t\tvisibilityLevels:[1240,1024,778,480],\n\t\t\tgridwidth:1240,\n\t\t\tgridheight:868,\n\t\t\tlazyType:\"none\",\n\t\t\tshadow:0,\n\t\t\tspinner:\"spinner0\",\n\t\t\tstopLoop:\"off\",\n\t\t\tstopAfterLoops:-1,\n\t\t\tstopAtSlide:-1,\n\t\t\tshuffle:\"off\",\n\t\t\tautoHeight:\"off\",\n\t\t\tfullScreenAutoWidth:\"off\",\n\t\t\tfullScreenAlignForce:\"off\",\n\t\t\tfullScreenOffsetContainer: \"\",\n\t\t\tfullScreenOffset: \"\",\n\t\t\tdisableProgressBar:\"on\",\n\t\t\thideThumbsOnMobile:\"off\",\n\t\t\thideSliderAtLimit:0,\n\t\t\thideCaptionAtLimit:0,\n\t\t\thideAllCaptionAtLilmit:0,\n\t\t\tdebugMode:false,\n\t\t\tfallbacks: {\n\t\t\t\tsimplifyAll:\"off\",\n\t\t\t\tnextSlideOnWindowFocus:\"off\",\n\t\t\t\tdisableFocusListener:false,\n\t\t\t}\n\t\t});\n\t}\n\t\n});\t\/*ready*\/\n<\/script>\r\n\t\t<\/div><!-- END REVOLUTION SLIDER -->[\/vc_column][\/vc_row][vc_row row_type=&#8221;full_width&#8221; type=&#8221;container&#8221; bg_select=&#8221;bg_parallax&#8221; parallax_speed=&#8221;4&#8243; parallax_repeat=&#8221;cover&#8221; bg_image_postions=&#8221;center center&#8221; parallax_img=&#8221;41&#8243; p_top=&#8221;60&#8243; p_bottom=&#8221;60&#8243; anchor=&#8221;home&#8221;][vc_column]<div class=\"wbc-heading clearfix\"><h3 class=\"special-heading-3\" style=\"font-size:25px;text-align:center;\"><span class=\"wbc-color\" >Home<\/span><\/h3><\/div>[vc_text_separator title=&#8221;&#8221; i_icon_fontawesome=&#8221;fa fa-users&#8221; i_color=&#8221;custom&#8221; color=&#8221;custom&#8221; el_width=&#8221;40&#8243; add_icon=&#8221;true&#8221; i_custom_color=&#8221;#fa8322&#8243; accent_color=&#8221;#fa8322&#8243;][\/vc_column][vc_column width=&#8221;1\/6&#8243;][\/vc_column][vc_column width=&#8221;2\/3&#8243;][vc_column_text]Die<strong>\u00a0Tenuta Santa Tecla\u00a0<\/strong>bietet Ihnen ein Ambiente, das sich harmonisch in die Natur f\u00fcgt; ein Ambiente, in dem Sie sich entspannen und in Ruhe durchatmen k\u00f6nnen. Ihr K\u00f6rper entspannt sich und der Stre\u00df weicht von Ihnen.<\/p>\n<p>Nat\u00fcrliche, wohlduftende essentielle \u00d6le erwecken Ihre Sinne und die Massagen regen Ihren K\u00f6rper an, Ihr inneres Gleichgewicht wiederzufinden.<\/p>\n<p>Eine herrliche, ganzheitliche Massage tut Ihrem K\u00f6rper wohl und entf\u00fchrt Sie in eine Welt umfassenden Wohlbefindens.<\/p>\n<p>Ein harmonisches und faszinierendes mediterranes Ambiente tr\u00e4gt dazu bei, da\u00df Sie sich in unserem faszinierenden Freiluft-Entspannungsbereich bei einer Tasse Fr\u00fcchtetee entspannen k\u00f6nnen.[\/vc_column_text][\/vc_column][vc_column width=&#8221;1\/6&#8243;][\/vc_column][\/vc_row][vc_row full_height=&#8221;yes&#8221; row_type=&#8221;full_width&#8221; type=&#8221;full_screen&#8221; bg_select=&#8221;bg_parallax&#8221; parallax_speed=&#8221;4&#8243; parallax_repeat=&#8221;cover&#8221; bg_image_postions=&#8221;center center&#8221; parallax_img=&#8221;25&#8243;][vc_column][\/vc_column][\/vc_row][vc_row row_type=&#8221;full_width&#8221; type=&#8221;container&#8221; bg_select=&#8221;bg_parallax&#8221; parallax_speed=&#8221;4&#8243; parallax_repeat=&#8221;cover&#8221; bg_image_postions=&#8221;center center&#8221; parallax_img=&#8221;41&#8243; p_top=&#8221;60&#8243; p_bottom=&#8221;60&#8243; anchor=&#8221;behandlungen&#8221;][vc_column]<div class=\"wbc-heading clearfix\"><h3 class=\"special-heading-3\" style=\"font-size:25px;text-align:center;\"><span class=\"wbc-color\" >Behandlungen<\/span><\/h3><\/div>[vc_text_separator title=&#8221;&#8221; i_icon_fontawesome=&#8221;fa fa-users&#8221; i_color=&#8221;custom&#8221; color=&#8221;custom&#8221; el_width=&#8221;40&#8243; add_icon=&#8221;true&#8221; i_custom_color=&#8221;#fa8322&#8243; accent_color=&#8221;#fa8322&#8243;][\/vc_column][vc_column width=&#8221;1\/6&#8243;][\/vc_column][vc_column width=&#8221;2\/3&#8243;][vc_column_text]<\/p>\n<h4>Linea viso<\/h4>\n<p>Trattamenti base &#8211; vata \u2013 pitta \u2013 kapha \u2013 purity \u2013 antiage<br \/>\nDurata 50\u2019<\/p>\n<p>&nbsp;<\/p>\n<h4>Trattamenti spa viso<\/h4>\n<p>Pelli sensibili, purificante,,anti et\u00e0, rassodante<br \/>\nDurata 1h 15\u2019<\/p>\n<p>&nbsp;<\/p>\n<h4>Linea corpo<\/h4>\n<p>Trattamenti base: purity, snellente, rassodante<br \/>\nDurata 1h<\/p>\n<p>&nbsp;<\/p>\n<h4>Trattamenti spa corpo<\/h4>\n<p>Durata 1h30\u2019 con bagno di vapore<br \/>\nEsfoliante , detossinante , anticellulite , smagliature[\/vc_column_text][\/vc_column][vc_column width=&#8221;1\/6&#8243;][\/vc_column][\/vc_row][vc_row full_height=&#8221;yes&#8221; row_type=&#8221;full_width&#8221; type=&#8221;full_screen&#8221; bg_select=&#8221;bg_parallax&#8221; parallax_speed=&#8221;4&#8243; parallax_repeat=&#8221;cover&#8221; bg_image_postions=&#8221;center center&#8221; parallax_img=&#8221;28&#8243;][vc_column][\/vc_column][\/vc_row][vc_row row_type=&#8221;full_width&#8221; type=&#8221;container&#8221; bg_select=&#8221;bg_parallax&#8221; parallax_speed=&#8221;4&#8243; parallax_repeat=&#8221;cover&#8221; bg_image_postions=&#8221;center center&#8221; parallax_img=&#8221;41&#8243; p_top=&#8221;60&#8243; p_bottom=&#8221;60&#8243; anchor=&#8221;dienste&#8221;][vc_column]<div class=\"wbc-heading clearfix\"><h3 class=\"special-heading-3\" style=\"font-size:25px;text-align:center;\"><span class=\"wbc-color\" >Dienste<\/span><\/h3><\/div>[vc_text_separator title=&#8221;&#8221; i_icon_fontawesome=&#8221;fa fa-users&#8221; i_color=&#8221;custom&#8221; color=&#8221;custom&#8221; el_width=&#8221;40&#8243; add_icon=&#8221;true&#8221; i_custom_color=&#8221;#fa8322&#8243; accent_color=&#8221;#fa8322&#8243;][\/vc_column][vc_column width=&#8221;1\/6&#8243;][\/vc_column][vc_column width=&#8221;2\/3&#8243;][vc_column_text]<\/p>\n<p style=\"text-align: center;\">MANICURE ESTETICO<\/p>\n<p style=\"text-align: center;\">PEDICURE ESTETICO<\/p>\n<p style=\"text-align: center;\">PEDILUVIO BASICO<\/p>\n<p style=\"text-align: center;\">EPILAZIONE CON CERA LIPOSOLUBILE NATURALE<\/p>\n<p>[\/vc_column_text][\/vc_column][vc_column width=&#8221;1\/6&#8243;][\/vc_column][vc_column][\/vc_column][vc_column width=&#8221;1\/6&#8243;][\/vc_column][vc_column width=&#8221;1\/3&#8243;][vc_column_text]<\/p>\n<h4 style=\"text-align: justify;\">TRATTAMENTI PER<br \/>\nVASCULOPATIE PERIFERICHE<\/h4>\n<ul>\n<li style=\"text-align: justify;\">IDROMASSAGGIO<\/li>\n<li style=\"text-align: justify;\">PRESSOTERAPIA<\/li>\n<li style=\"text-align: justify;\">LINFODRENAGGIO MANUALE<\/li>\n<\/ul>\n<p>[\/vc_column_text][\/vc_column][vc_column width=&#8221;1\/3&#8243;][vc_column_text]<\/p>\n<h4>TRATTAMENTI BENESSERE<\/h4>\n<h5>MASSAGGI<\/h5>\n<ul>\n<li>BENVENUTO RILASSANTE 50\u2019<\/li>\n<li>ANTISTRESS<\/li>\n<li>AROMATICO<\/li>\n<li>DIGIRELAX<\/li>\n<li>GAMBE<\/li>\n<li>STONE MASSAGE<\/li>\n<li>REFLESSOLOGIA DEL PIEDE<\/li>\n<li>SCHIENA RELAX<\/li>\n<li>MASSAGGIO COMPOSTO<\/li>\n<li>AYURVEDA TREDOSHA<\/li>\n<\/ul>\n<p>[\/vc_column_text][\/vc_column][vc_column width=&#8221;1\/6&#8243;][\/vc_column][\/vc_row][vc_row full_height=&#8221;yes&#8221; row_type=&#8221;full_width&#8221; type=&#8221;full_screen&#8221; bg_select=&#8221;bg_parallax&#8221; parallax_speed=&#8221;4&#8243; parallax_repeat=&#8221;cover&#8221; bg_image_postions=&#8221;center center&#8221; parallax_img=&#8221;26&#8243;][vc_column][\/vc_column][\/vc_row][vc_row row_type=&#8221;full_width&#8221; type=&#8221;container&#8221; bg_select=&#8221;bg_parallax&#8221; parallax_speed=&#8221;4&#8243; parallax_repeat=&#8221;cover&#8221; bg_image_postions=&#8221;center center&#8221; parallax_img=&#8221;41&#8243; p_top=&#8221;60&#8243; p_bottom=&#8221;60&#8243; anchor=&#8221;kontakte&#8221;][vc_column]<div class=\"wbc-heading clearfix\"><h3 class=\"special-heading-3\" style=\"font-size:25px;text-align:center;\"><span class=\"wbc-color\" >Kontakte<\/span><\/h3><\/div>[vc_text_separator title=&#8221;&#8221; i_icon_fontawesome=&#8221;fa fa-phone-square&#8221; i_color=&#8221;custom&#8221; color=&#8221;custom&#8221; el_width=&#8221;40&#8243; add_icon=&#8221;true&#8221; i_custom_color=&#8221;#fa8322&#8243; accent_color=&#8221;#fa8322&#8243;][\/vc_column][vc_column width=&#8221;1\/2&#8243;][vc_column_text]<\/p>\n<p class=\"style44\" align=\"left\"><span class=\"style62\">Azienda Agrituristica Tenuta Santa Tecla\u00a0<\/span><\/p>\n<p class=\"style44\" align=\"left\"><span class=\"style60\">Via Raciti, 11<br \/>\n95024 Santa Tecla Acireale<br \/>\nCatania (CT)<\/span><\/p>\n<p>Mobile +39. 392.9862634 &#8211; 335.7721249<\/p>\n<p class=\"style44\" align=\"left\"><span class=\"style60\">Per avere informazioni riguardo le camere e le altre sistemazioni dell&#8217;Azienda Agricola:<\/span><br \/>\n<a class=\"style60\" href=\"mailto:info@tenutasantatecla.com\">info@tenutasantatecla.com<\/a><\/p>\n<p class=\"style60\" align=\"left\">Per avere informazioni riguardo al centro benessere:<br \/>\n<a class=\"style60\" href=\"mailto:info@tenutasantatecla.com\">spa@tenutasantatecla.com<\/a><\/p>\n<p>[\/vc_column_text][\/vc_column][vc_column width=&#8221;1\/2&#8243;][vc_column_text]Compila il seguente modulo in tutti i suoi campi, per inviarci una richiesta o per ricevere maggiori informazioni sull&#8217;Azienda Agrituristica.[\/vc_column_text]\n<div class=\"wpcf7 no-js\" id=\"wpcf7-f96-o1\" lang=\"it-IT\" dir=\"ltr\" data-wpcf7-id=\"96\">\n<div class=\"screen-reader-response\"><p role=\"status\" aria-live=\"polite\" aria-atomic=\"true\"><\/p> <ul><\/ul><\/div>\n<form action=\"\/wellness\/de\/wp-json\/wp\/v2\/pages\/19#wpcf7-f96-o1\" method=\"post\" class=\"wpcf7-form init\" aria-label=\"Contact form\" novalidate=\"novalidate\" data-status=\"init\">\n<div style=\"display: none;\">\n<input type=\"hidden\" name=\"_wpcf7\" value=\"96\" \/>\n<input type=\"hidden\" name=\"_wpcf7_version\" value=\"6.0.6\" \/>\n<input type=\"hidden\" name=\"_wpcf7_locale\" value=\"it_IT\" \/>\n<input type=\"hidden\" name=\"_wpcf7_unit_tag\" value=\"wpcf7-f96-o1\" \/>\n<input type=\"hidden\" name=\"_wpcf7_container_post\" value=\"0\" \/>\n<input type=\"hidden\" name=\"_wpcf7_posted_data_hash\" value=\"\" \/>\n<\/div>\n<p>Full Name (required)\n<\/p>\n<p><span class=\"wpcf7-form-control-wrap\" data-name=\"your-name\"><input size=\"40\" maxlength=\"400\" class=\"wpcf7-form-control wpcf7-text wpcf7-validates-as-required\" aria-required=\"true\" aria-invalid=\"false\" value=\"\" type=\"text\" name=\"your-name\" \/><\/span>\n<\/p>\n<p>Phone (required)\n<\/p>\n<p><span class=\"wpcf7-form-control-wrap\" data-name=\"your-phone\"><input size=\"40\" maxlength=\"400\" class=\"wpcf7-form-control wpcf7-text wpcf7-validates-as-required\" aria-required=\"true\" aria-invalid=\"false\" value=\"\" type=\"text\" name=\"your-phone\" \/><\/span>\n<\/p>\n<p>Mobile\n<\/p>\n<p><span class=\"wpcf7-form-control-wrap\" data-name=\"your-mobile\"><input size=\"40\" maxlength=\"400\" class=\"wpcf7-form-control wpcf7-text\" aria-invalid=\"false\" value=\"\" type=\"text\" name=\"your-mobile\" \/><\/span>\n<\/p>\n<p>Email (required)\n<\/p>\n<p><span class=\"wpcf7-form-control-wrap\" data-name=\"your-email\"><input size=\"40\" maxlength=\"400\" class=\"wpcf7-form-control wpcf7-email wpcf7-validates-as-required wpcf7-text wpcf7-validates-as-email\" aria-required=\"true\" aria-invalid=\"false\" value=\"\" type=\"email\" name=\"your-email\" \/><\/span>\n<\/p>\n<p>Object\n<\/p>\n<p><span class=\"wpcf7-form-control-wrap\" data-name=\"your-subject\"><input size=\"40\" maxlength=\"400\" class=\"wpcf7-form-control wpcf7-text\" aria-invalid=\"false\" value=\"\" type=\"text\" name=\"your-subject\" \/><\/span>\n<\/p>\n<p>Message (required)\n<\/p>\n<p><span class=\"wpcf7-form-control-wrap\" data-name=\"your-message\"><textarea cols=\"40\" rows=\"10\" maxlength=\"2000\" class=\"wpcf7-form-control wpcf7-textarea wpcf7-validates-as-required\" aria-required=\"true\" aria-invalid=\"false\" name=\"your-message\"><\/textarea><\/span>\n<\/p>\n<p><input class=\"wpcf7-form-control wpcf7-submit has-spinner\" type=\"submit\" value=\"Send Request\" \/>\n<\/p><div class=\"wpcf7-response-output\" aria-hidden=\"true\"><\/div>\n<\/form>\n<\/div>\n[vc_column_text]Ai sensi del D.lgs. 196\/2003 sulla privacy, la struttura ricevente la presente richiesta dichiara di custodire in appositi registri i dati dei richiedenti, gli indirizzi di e-mail e tutto quanto necessario all&#8217;espletamento del servizio richiesto.[\/vc_column_text][\/vc_column][\/vc_row]<\/p>\n","protected":false},"excerpt":{"rendered":"<p>[vc_row full_height=&#8221;yes&#8221; row_align=&#8221;align_middle&#8221; row_type=&#8221;full_width&#8221; type=&#8221;full_screen&#8221; bg_color=&#8221;#000000&#8243;][vc_column][\/vc_column][\/vc_row][vc_row row_type=&#8221;full_width&#8221; type=&#8221;container&#8221; bg_select=&#8221;bg_parallax&#8221; parallax_speed=&#8221;4&#8243; parallax_repeat=&#8221;cover&#8221; bg_image_postions=&#8221;center center&#8221; parallax_img=&#8221;41&#8243; p_top=&#8221;60&#8243; p_bottom=&#8221;60&#8243; anchor=&#8221;home&#8221;][vc_column][vc_text_separator title=&#8221;&#8221; i_icon_fontawesome=&#8221;fa fa-users&#8221; i_color=&#8221;custom&#8221; color=&#8221;custom&#8221; el_width=&#8221;40&#8243; add_icon=&#8221;true&#8221; i_custom_color=&#8221;#fa8322&#8243; accent_color=&#8221;#fa8322&#8243;][\/vc_column][vc_column width=&#8221;1\/6&#8243;][\/vc_column][vc_column width=&#8221;2\/3&#8243;][vc_column_text]Die\u00a0Tenuta Santa Tecla\u00a0bietet Ihnen ein Ambiente, das sich harmonisch in die Natur f\u00fcgt; ein Ambiente, in dem Sie sich entspannen und in Ruhe durchatmen k\u00f6nnen. Ihr K\u00f6rper entspannt [&hellip;]<\/p>\n","protected":false},"author":1,"featured_media":0,"parent":0,"menu_order":0,"comment_status":"closed","ping_status":"closed","template":"template-page-full.php","meta":{"footnotes":""},"class_list":["post-19","page","type-page","status-publish","hentry"],"_links":{"self":[{"href":"https:\/\/www.tenutasantatecla.com\/wellness\/de\/wp-json\/wp\/v2\/pages\/19","targetHints":{"allow":["GET"]}}],"collection":[{"href":"https:\/\/www.tenutasantatecla.com\/wellness\/de\/wp-json\/wp\/v2\/pages"}],"about":[{"href":"https:\/\/www.tenutasantatecla.com\/wellness\/de\/wp-json\/wp\/v2\/types\/page"}],"author":[{"embeddable":true,"href":"https:\/\/www.tenutasantatecla.com\/wellness\/de\/wp-json\/wp\/v2\/users\/1"}],"replies":[{"embeddable":true,"href":"https:\/\/www.tenutasantatecla.com\/wellness\/de\/wp-json\/wp\/v2\/comments?post=19"}],"version-history":[{"count":9,"href":"https:\/\/www.tenutasantatecla.com\/wellness\/de\/wp-json\/wp\/v2\/pages\/19\/revisions"}],"predecessor-version":[{"id":230,"href":"https:\/\/www.tenutasantatecla.com\/wellness\/de\/wp-json\/wp\/v2\/pages\/19\/revisions\/230"}],"wp:attachment":[{"href":"https:\/\/www.tenutasantatecla.com\/wellness\/de\/wp-json\/wp\/v2\/media?parent=19"}],"curies":[{"name":"wp","href":"https:\/\/api.w.org\/{rel}","templated":true}]}}